{"id":77,"date":"2020-04-05T15:54:28","date_gmt":"2020-04-05T13:54:28","guid":{"rendered":"http:\/\/localhost:8080\/?page_id=77"},"modified":"2026-03-13T16:56:33","modified_gmt":"2026-03-13T15:56:33","slug":"actualites","status":"publish","type":"page","link":"https:\/\/www.songtaab-yalgre.net\/","title":{"rendered":""},"content":{"rendered":"\n<p><\/p>\n\n\n\n<div class=\"wp-block-columns is-layout-flex wp-container-core-columns-is-layout-28f84493 wp-block-columns-is-layout-flex\">\n<div class=\"wp-block-column is-vertically-aligned-center is-layout-flow wp-block-column-is-layout-flow\" style=\"flex-basis:100%\">\n<div class=\"wp-block-media-text alignwide is-stacked-on-mobile has-background\" style=\"background-color:#81d742;grid-template-columns:29% auto\"><figure class=\"wp-block-media-text__media\"><img fetchpriority=\"high\" decoding=\"async\" width=\"816\" height=\"612\" src=\"http:\/\/localhost:8080\/wp-content\/uploads\/2021\/05\/actu2-2.jpg\" alt=\"\" class=\"wp-image-252 size-full\" srcset=\"https:\/\/www.songtaab-yalgre.net\/wp-content\/uploads\/2021\/05\/actu2-2.jpg 816w, https:\/\/www.songtaab-yalgre.net\/wp-content\/uploads\/2021\/05\/actu2-2-300x225.jpg 300w, https:\/\/www.songtaab-yalgre.net\/wp-content\/uploads\/2021\/05\/actu2-2-768x576.jpg 768w, https:\/\/www.songtaab-yalgre.net\/wp-content\/uploads\/2021\/05\/actu2-2-230x173.jpg 230w, https:\/\/www.songtaab-yalgre.net\/wp-content\/uploads\/2021\/05\/actu2-2-350x263.jpg 350w, https:\/\/www.songtaab-yalgre.net\/wp-content\/uploads\/2021\/05\/actu2-2-480x360.jpg 480w\" sizes=\"(max-width: 816px) 100vw, 816px\" \/><\/figure><div class=\"wp-block-media-text__content\">\n<p>Les r\u00e9coltes des feuilles de moringa pour le s\u00e9chage<\/p>\n<\/div><\/div>\n\n\n\n<p><\/p>\n\n\n\n<div class=\"wp-block-media-text alignwide is-stacked-on-mobile has-background\" style=\"background-color:#81d742;grid-template-columns:29% auto\"><figure class=\"wp-block-media-text__media\"><img decoding=\"async\" width=\"1024\" height=\"678\" src=\"https:\/\/www.songtaab-yalgre.net\/wp-content\/uploads\/2026\/01\/1000103604-1-1024x678.jpg\" alt=\"\" class=\"wp-image-407 size-full\" srcset=\"https:\/\/www.songtaab-yalgre.net\/wp-content\/uploads\/2026\/01\/1000103604-1-1024x678.jpg 1024w, https:\/\/www.songtaab-yalgre.net\/wp-content\/uploads\/2026\/01\/1000103604-1-300x199.jpg 300w, https:\/\/www.songtaab-yalgre.net\/wp-content\/uploads\/2026\/01\/1000103604-1-768x508.jpg 768w, https:\/\/www.songtaab-yalgre.net\/wp-content\/uploads\/2026\/01\/1000103604-1-1000x662.jpg 1000w, https:\/\/www.songtaab-yalgre.net\/wp-content\/uploads\/2026\/01\/1000103604-1-230x152.jpg 230w, https:\/\/www.songtaab-yalgre.net\/wp-content\/uploads\/2026\/01\/1000103604-1-350x232.jpg 350w, https:\/\/www.songtaab-yalgre.net\/wp-content\/uploads\/2026\/01\/1000103604-1-480x318.jpg 480w, https:\/\/www.songtaab-yalgre.net\/wp-content\/uploads\/2026\/01\/1000103604-1.jpg 1080w\" sizes=\"(max-width: 1024px) 100vw, 1024px\" \/><\/figure><div class=\"wp-block-media-text__content\">\n<p>Pr\u00e9sentation de notre beurre de karit\u00e9, disponible en divers formats et contenants.  Une offre polyvalente, con\u00e7ue pour r\u00e9pondre aux besoins collectifs et individuels, tant pour la transformation de produits \u00e0 base de karit\u00e9 que pour les soins de la peau et des cheveux.  <\/p>\n\n\n\n<p><\/p>\n<\/div><\/div>\n\n\n\n<div class=\"wp-block-media-text alignwide is-stacked-on-mobile has-background\" style=\"background-color:#81d742;grid-template-columns:29% auto\"><figure class=\"wp-block-media-text__media\"><img decoding=\"async\" width=\"960\" height=\"720\" src=\"http:\/\/localhost:8080\/wp-content\/uploads\/2021\/05\/actu0.jpg\" alt=\"\" class=\"wp-image-230 size-full\" srcset=\"https:\/\/www.songtaab-yalgre.net\/wp-content\/uploads\/2021\/05\/actu0.jpg 960w, https:\/\/www.songtaab-yalgre.net\/wp-content\/uploads\/2021\/05\/actu0-300x225.jpg 300w, https:\/\/www.songtaab-yalgre.net\/wp-content\/uploads\/2021\/05\/actu0-768x576.jpg 768w, https:\/\/www.songtaab-yalgre.net\/wp-content\/uploads\/2021\/05\/actu0-830x623.jpg 830w, https:\/\/www.songtaab-yalgre.net\/wp-content\/uploads\/2021\/05\/actu0-230x173.jpg 230w, https:\/\/www.songtaab-yalgre.net\/wp-content\/uploads\/2021\/05\/actu0-350x263.jpg 350w, https:\/\/www.songtaab-yalgre.net\/wp-content\/uploads\/2021\/05\/actu0-480x360.jpg 480w\" sizes=\"(max-width: 960px) 100vw, 960px\" \/><\/figure><div class=\"wp-block-media-text__content\">\n<p>Une \u00e9quipe de AGK (DG de AGK, le directeur de projet PRADCIFK) a marqu\u00e9 ce jour, avec la visite du magasin de stockage des amandes de karit\u00e9 en construction &#8230;Ce magasin facilitera l&rsquo;agr\u00e9gation des amandes collect\u00e9e.<\/p>\n<\/div><\/div>\n<\/div>\n<\/div>\n\n\n\n<h2 class=\"wp-block-heading\">Nos partenaires<\/h2>\n\n\n\n<figure class=\"wp-block-gallery has-nested-images columns-default is-cropped wp-block-gallery-1 is-layout-flex wp-block-gallery-is-layout-flex\">\n<figure class=\"wp-block-image size-large\"><img loading=\"lazy\" decoding=\"async\" width=\"724\" height=\"1024\" data-id=\"448\" src=\"https:\/\/www.songtaab-yalgre.net\/wp-content\/uploads\/2026\/03\/1000131820-724x1024.jpg\" alt=\"\" class=\"wp-image-448\" srcset=\"https:\/\/www.songtaab-yalgre.net\/wp-content\/uploads\/2026\/03\/1000131820-724x1024.jpg 724w, https:\/\/www.songtaab-yalgre.net\/wp-content\/uploads\/2026\/03\/1000131820-212x300.jpg 212w, https:\/\/www.songtaab-yalgre.net\/wp-content\/uploads\/2026\/03\/1000131820-768x1086.jpg 768w, https:\/\/www.songtaab-yalgre.net\/wp-content\/uploads\/2026\/03\/1000131820-1086x1536.jpg 1086w, https:\/\/www.songtaab-yalgre.net\/wp-content\/uploads\/2026\/03\/1000131820-1448x2048.jpg 1448w, https:\/\/www.songtaab-yalgre.net\/wp-content\/uploads\/2026\/03\/1000131820-1000x1415.jpg 1000w, https:\/\/www.songtaab-yalgre.net\/wp-content\/uploads\/2026\/03\/1000131820-230x325.jpg 230w, https:\/\/www.songtaab-yalgre.net\/wp-content\/uploads\/2026\/03\/1000131820-350x495.jpg 350w, https:\/\/www.songtaab-yalgre.net\/wp-content\/uploads\/2026\/03\/1000131820-480x679.jpg 480w, https:\/\/www.songtaab-yalgre.net\/wp-content\/uploads\/2026\/03\/1000131820-scaled.jpg 1810w\" sizes=\"(max-width: 724px) 100vw, 724px\" \/><\/figure>\n<\/figure>\n\n\n\n<p><\/p>\n","protected":false},"excerpt":{"rendered":"<p>Les r\u00e9coltes des feuilles de moringa pour le s\u00e9chage Pr\u00e9sentation de notre beurre de karit\u00e9, disponible en divers formats et contenants. Une [&hellip;]<\/p>\n","protected":false},"author":1,"featured_media":0,"parent":0,"menu_order":0,"comment_status":"closed","ping_status":"closed","template":"","meta":{"footnotes":""},"class_list":["post-77","page","type-page","status-publish","hentry"],"_links":{"self":[{"href":"https:\/\/www.songtaab-yalgre.net\/index.php?rest_route=\/wp\/v2\/pages\/77","targetHints":{"allow":["GET"]}}],"collection":[{"href":"https:\/\/www.songtaab-yalgre.net\/index.php?rest_route=\/wp\/v2\/pages"}],"about":[{"href":"https:\/\/www.songtaab-yalgre.net\/index.php?rest_route=\/wp\/v2\/types\/page"}],"author":[{"embeddable":true,"href":"https:\/\/www.songtaab-yalgre.net\/index.php?rest_route=\/wp\/v2\/users\/1"}],"replies":[{"embeddable":true,"href":"https:\/\/www.songtaab-yalgre.net\/index.php?rest_route=%2Fwp%2Fv2%2Fcomments&post=77"}],"version-history":[{"count":37,"href":"https:\/\/www.songtaab-yalgre.net\/index.php?rest_route=\/wp\/v2\/pages\/77\/revisions"}],"predecessor-version":[{"id":454,"href":"https:\/\/www.songtaab-yalgre.net\/index.php?rest_route=\/wp\/v2\/pages\/77\/revisions\/454"}],"wp:attachment":[{"href":"https:\/\/www.songtaab-yalgre.net\/index.php?rest_route=%2Fwp%2Fv2%2Fmedia&parent=77"}],"curies":[{"name":"wp","href":"https:\/\/api.w.org\/{rel}","templated":true}]}}