{"id":74,"date":"2020-04-05T15:54:27","date_gmt":"2020-04-05T13:54:27","guid":{"rendered":"http:\/\/localhost:8080\/?page_id=74"},"modified":"2026-04-01T14:06:09","modified_gmt":"2026-04-01T12:06:09","slug":"liste-des-produits","status":"publish","type":"page","link":"https:\/\/www.songtaab-yalgre.net\/?page_id=74","title":{"rendered":"Nos produits"},"content":{"rendered":"\n<p><\/p>\n\n\n\n<h2 class=\"wp-block-heading has-text-align-center\">Produits du moringa <\/h2>\n\n\n\n<p>Notre moringa est biologique, sans ajout chimique, produits et transformer par les femmes de l&rsquo;Association Songtaab Yalgr\u00e9.<\/p>\n\n\n\n<figure class=\"wp-block-gallery has-nested-images columns-default is-cropped wp-block-gallery-1 is-layout-flex wp-block-gallery-is-layout-flex\">\n<figure class=\"wp-block-image size-large\"><img fetchpriority=\"high\" decoding=\"async\" width=\"722\" height=\"1024\" data-id=\"458\" src=\"https:\/\/www.songtaab-yalgre.net\/wp-content\/uploads\/2026\/03\/1000106200-722x1024.jpg\" alt=\"\" class=\"wp-image-458\" srcset=\"https:\/\/www.songtaab-yalgre.net\/wp-content\/uploads\/2026\/03\/1000106200-722x1024.jpg 722w, https:\/\/www.songtaab-yalgre.net\/wp-content\/uploads\/2026\/03\/1000106200-211x300.jpg 211w, https:\/\/www.songtaab-yalgre.net\/wp-content\/uploads\/2026\/03\/1000106200-768x1090.jpg 768w, https:\/\/www.songtaab-yalgre.net\/wp-content\/uploads\/2026\/03\/1000106200-1083x1536.jpg 1083w, https:\/\/www.songtaab-yalgre.net\/wp-content\/uploads\/2026\/03\/1000106200-1444x2048.jpg 1444w, https:\/\/www.songtaab-yalgre.net\/wp-content\/uploads\/2026\/03\/1000106200-1000x1419.jpg 1000w, https:\/\/www.songtaab-yalgre.net\/wp-content\/uploads\/2026\/03\/1000106200-230x326.jpg 230w, https:\/\/www.songtaab-yalgre.net\/wp-content\/uploads\/2026\/03\/1000106200-350x497.jpg 350w, https:\/\/www.songtaab-yalgre.net\/wp-content\/uploads\/2026\/03\/1000106200-480x681.jpg 480w, https:\/\/www.songtaab-yalgre.net\/wp-content\/uploads\/2026\/03\/1000106200.jpg 1748w\" sizes=\"(max-width: 722px) 100vw, 722px\" \/><figcaption class=\"wp-element-caption\">Feuilles de moringa <\/figcaption><\/figure>\n\n\n\n<figure class=\"wp-block-image size-large\"><img decoding=\"async\" width=\"722\" height=\"1024\" data-id=\"460\" src=\"https:\/\/www.songtaab-yalgre.net\/wp-content\/uploads\/2026\/03\/1000106202-722x1024.jpg\" alt=\"\" class=\"wp-image-460\" srcset=\"https:\/\/www.songtaab-yalgre.net\/wp-content\/uploads\/2026\/03\/1000106202-722x1024.jpg 722w, https:\/\/www.songtaab-yalgre.net\/wp-content\/uploads\/2026\/03\/1000106202-211x300.jpg 211w, https:\/\/www.songtaab-yalgre.net\/wp-content\/uploads\/2026\/03\/1000106202-768x1090.jpg 768w, https:\/\/www.songtaab-yalgre.net\/wp-content\/uploads\/2026\/03\/1000106202-1083x1536.jpg 1083w, https:\/\/www.songtaab-yalgre.net\/wp-content\/uploads\/2026\/03\/1000106202-1444x2048.jpg 1444w, https:\/\/www.songtaab-yalgre.net\/wp-content\/uploads\/2026\/03\/1000106202-1000x1419.jpg 1000w, https:\/\/www.songtaab-yalgre.net\/wp-content\/uploads\/2026\/03\/1000106202-230x326.jpg 230w, https:\/\/www.songtaab-yalgre.net\/wp-content\/uploads\/2026\/03\/1000106202-350x497.jpg 350w, https:\/\/www.songtaab-yalgre.net\/wp-content\/uploads\/2026\/03\/1000106202-480x681.jpg 480w, https:\/\/www.songtaab-yalgre.net\/wp-content\/uploads\/2026\/03\/1000106202.jpg 1748w\" sizes=\"(max-width: 722px) 100vw, 722px\" \/><figcaption class=\"wp-element-caption\">Poudre de moringa <\/figcaption><\/figure>\n\n\n\n<figure class=\"wp-block-image size-large\"><img decoding=\"async\" width=\"722\" height=\"1024\" data-id=\"463\" src=\"https:\/\/www.songtaab-yalgre.net\/wp-content\/uploads\/2026\/03\/1000106199-722x1024.jpg\" alt=\"\" class=\"wp-image-463\" srcset=\"https:\/\/www.songtaab-yalgre.net\/wp-content\/uploads\/2026\/03\/1000106199-722x1024.jpg 722w, https:\/\/www.songtaab-yalgre.net\/wp-content\/uploads\/2026\/03\/1000106199-211x300.jpg 211w, https:\/\/www.songtaab-yalgre.net\/wp-content\/uploads\/2026\/03\/1000106199-768x1090.jpg 768w, https:\/\/www.songtaab-yalgre.net\/wp-content\/uploads\/2026\/03\/1000106199-1083x1536.jpg 1083w, https:\/\/www.songtaab-yalgre.net\/wp-content\/uploads\/2026\/03\/1000106199-1444x2048.jpg 1444w, https:\/\/www.songtaab-yalgre.net\/wp-content\/uploads\/2026\/03\/1000106199-1000x1419.jpg 1000w, https:\/\/www.songtaab-yalgre.net\/wp-content\/uploads\/2026\/03\/1000106199-230x326.jpg 230w, https:\/\/www.songtaab-yalgre.net\/wp-content\/uploads\/2026\/03\/1000106199-350x497.jpg 350w, https:\/\/www.songtaab-yalgre.net\/wp-content\/uploads\/2026\/03\/1000106199-480x681.jpg 480w, https:\/\/www.songtaab-yalgre.net\/wp-content\/uploads\/2026\/03\/1000106199.jpg 1748w\" sizes=\"(max-width: 722px) 100vw, 722px\" \/><figcaption class=\"wp-element-caption\">Th\u00e9 de Moringa <\/figcaption><\/figure>\n\n\n\n<figure class=\"wp-block-image size-large\"><img loading=\"lazy\" decoding=\"async\" width=\"722\" height=\"1024\" data-id=\"465\" src=\"https:\/\/www.songtaab-yalgre.net\/wp-content\/uploads\/2026\/03\/1000106201-722x1024.png\" alt=\"\" class=\"wp-image-465\" srcset=\"https:\/\/www.songtaab-yalgre.net\/wp-content\/uploads\/2026\/03\/1000106201-722x1024.png 722w, https:\/\/www.songtaab-yalgre.net\/wp-content\/uploads\/2026\/03\/1000106201-211x300.png 211w, https:\/\/www.songtaab-yalgre.net\/wp-content\/uploads\/2026\/03\/1000106201-768x1090.png 768w, https:\/\/www.songtaab-yalgre.net\/wp-content\/uploads\/2026\/03\/1000106201-1083x1536.png 1083w, https:\/\/www.songtaab-yalgre.net\/wp-content\/uploads\/2026\/03\/1000106201-1444x2048.png 1444w, https:\/\/www.songtaab-yalgre.net\/wp-content\/uploads\/2026\/03\/1000106201-1000x1419.png 1000w, https:\/\/www.songtaab-yalgre.net\/wp-content\/uploads\/2026\/03\/1000106201-230x326.png 230w, https:\/\/www.songtaab-yalgre.net\/wp-content\/uploads\/2026\/03\/1000106201-350x497.png 350w, https:\/\/www.songtaab-yalgre.net\/wp-content\/uploads\/2026\/03\/1000106201-480x681.png 480w, https:\/\/www.songtaab-yalgre.net\/wp-content\/uploads\/2026\/03\/1000106201.png 1748w\" sizes=\"(max-width: 722px) 100vw, 722px\" \/><figcaption class=\"wp-element-caption\">Graines de moringa <\/figcaption><\/figure>\n\n\n\n<figure class=\"wp-block-image size-large\"><img loading=\"lazy\" decoding=\"async\" width=\"683\" height=\"1024\" data-id=\"468\" src=\"https:\/\/www.songtaab-yalgre.net\/wp-content\/uploads\/2026\/03\/1000064264-683x1024.png\" alt=\"\" class=\"wp-image-468\" srcset=\"https:\/\/www.songtaab-yalgre.net\/wp-content\/uploads\/2026\/03\/1000064264-683x1024.png 683w, https:\/\/www.songtaab-yalgre.net\/wp-content\/uploads\/2026\/03\/1000064264-200x300.png 200w, https:\/\/www.songtaab-yalgre.net\/wp-content\/uploads\/2026\/03\/1000064264-768x1152.png 768w, https:\/\/www.songtaab-yalgre.net\/wp-content\/uploads\/2026\/03\/1000064264-1000x1500.png 1000w, https:\/\/www.songtaab-yalgre.net\/wp-content\/uploads\/2026\/03\/1000064264-230x345.png 230w, https:\/\/www.songtaab-yalgre.net\/wp-content\/uploads\/2026\/03\/1000064264-350x525.png 350w, https:\/\/www.songtaab-yalgre.net\/wp-content\/uploads\/2026\/03\/1000064264-480x720.png 480w, https:\/\/www.songtaab-yalgre.net\/wp-content\/uploads\/2026\/03\/1000064264.png 1024w\" sizes=\"(max-width: 683px) 100vw, 683px\" \/><figcaption class=\"wp-element-caption\">Huile de moringa <\/figcaption><\/figure>\n\n\n\n<figure class=\"wp-block-image size-large\"><img loading=\"lazy\" decoding=\"async\" width=\"683\" height=\"1024\" data-id=\"451\" src=\"https:\/\/www.songtaab-yalgre.net\/wp-content\/uploads\/2026\/03\/1000100159-683x1024.png\" alt=\"\" class=\"wp-image-451\" srcset=\"https:\/\/www.songtaab-yalgre.net\/wp-content\/uploads\/2026\/03\/1000100159-683x1024.png 683w, https:\/\/www.songtaab-yalgre.net\/wp-content\/uploads\/2026\/03\/1000100159-200x300.png 200w, https:\/\/www.songtaab-yalgre.net\/wp-content\/uploads\/2026\/03\/1000100159-768x1152.png 768w, https:\/\/www.songtaab-yalgre.net\/wp-content\/uploads\/2026\/03\/1000100159-230x345.png 230w, https:\/\/www.songtaab-yalgre.net\/wp-content\/uploads\/2026\/03\/1000100159-350x525.png 350w, https:\/\/www.songtaab-yalgre.net\/wp-content\/uploads\/2026\/03\/1000100159-480x720.png 480w, https:\/\/www.songtaab-yalgre.net\/wp-content\/uploads\/2026\/03\/1000100159.png 832w\" sizes=\"(max-width: 683px) 100vw, 683px\" \/><figcaption class=\"wp-element-caption\">Tous les \u00e9l\u00e9ments du moringa sont disponibles chez nous <\/figcaption><\/figure>\n<\/figure>\n\n\n\n<h2 class=\"wp-block-heading has-text-align-center\">Pommades ASY et produits \u00e0 base de beurre de karit\u00e9 <\/h2>\n\n\n\n<figure class=\"wp-block-gallery has-nested-images columns-default is-cropped wp-block-gallery-2 is-layout-flex wp-block-gallery-is-layout-flex\">\n<figure class=\"wp-block-image size-large\"><img loading=\"lazy\" decoding=\"async\" width=\"1024\" height=\"678\" data-id=\"407\" src=\"https:\/\/www.songtaab-yalgre.net\/wp-content\/uploads\/2026\/01\/1000103604-1-1024x678.jpg\" alt=\"\" class=\"wp-image-407\" srcset=\"https:\/\/www.songtaab-yalgre.net\/wp-content\/uploads\/2026\/01\/1000103604-1-1024x678.jpg 1024w, https:\/\/www.songtaab-yalgre.net\/wp-content\/uploads\/2026\/01\/1000103604-1-300x199.jpg 300w, https:\/\/www.songtaab-yalgre.net\/wp-content\/uploads\/2026\/01\/1000103604-1-768x508.jpg 768w, https:\/\/www.songtaab-yalgre.net\/wp-content\/uploads\/2026\/01\/1000103604-1-1000x662.jpg 1000w, https:\/\/www.songtaab-yalgre.net\/wp-content\/uploads\/2026\/01\/1000103604-1-230x152.jpg 230w, https:\/\/www.songtaab-yalgre.net\/wp-content\/uploads\/2026\/01\/1000103604-1-350x232.jpg 350w, https:\/\/www.songtaab-yalgre.net\/wp-content\/uploads\/2026\/01\/1000103604-1-480x318.jpg 480w, https:\/\/www.songtaab-yalgre.net\/wp-content\/uploads\/2026\/01\/1000103604-1.jpg 1080w\" sizes=\"(max-width: 1024px) 100vw, 1024px\" \/><figcaption class=\"wp-element-caption\">Le beurre de karit\u00e9 consommable dans leur diff\u00e9rent emballage <\/figcaption><\/figure>\n\n\n\n<figure class=\"wp-block-image size-large\"><img loading=\"lazy\" decoding=\"async\" width=\"768\" height=\"1024\" data-id=\"480\" src=\"https:\/\/www.songtaab-yalgre.net\/wp-content\/uploads\/2026\/03\/1000035065-768x1024.jpg\" alt=\"\" class=\"wp-image-480\" srcset=\"https:\/\/www.songtaab-yalgre.net\/wp-content\/uploads\/2026\/03\/1000035065-768x1024.jpg 768w, https:\/\/www.songtaab-yalgre.net\/wp-content\/uploads\/2026\/03\/1000035065-225x300.jpg 225w, https:\/\/www.songtaab-yalgre.net\/wp-content\/uploads\/2026\/03\/1000035065-230x307.jpg 230w, https:\/\/www.songtaab-yalgre.net\/wp-content\/uploads\/2026\/03\/1000035065-350x467.jpg 350w, https:\/\/www.songtaab-yalgre.net\/wp-content\/uploads\/2026\/03\/1000035065-480x640.jpg 480w, https:\/\/www.songtaab-yalgre.net\/wp-content\/uploads\/2026\/03\/1000035065.jpg 780w\" sizes=\"(max-width: 768px) 100vw, 768px\" \/><figcaption class=\"wp-element-caption\">Lait hydratant \u00e0 base de beurre de karit\u00e9 <\/figcaption><\/figure>\n\n\n\n<figure class=\"wp-block-image size-large\"><img loading=\"lazy\" decoding=\"async\" width=\"929\" height=\"928\" data-id=\"316\" src=\"https:\/\/www.songtaab-yalgre.net\/wp-content\/uploads\/2021\/05\/Pommade-carica.png\" alt=\"\" class=\"wp-image-316\" srcset=\"https:\/\/www.songtaab-yalgre.net\/wp-content\/uploads\/2021\/05\/Pommade-carica.png 929w, https:\/\/www.songtaab-yalgre.net\/wp-content\/uploads\/2021\/05\/Pommade-carica-300x300.png 300w, https:\/\/www.songtaab-yalgre.net\/wp-content\/uploads\/2021\/05\/Pommade-carica-150x150.png 150w, https:\/\/www.songtaab-yalgre.net\/wp-content\/uploads\/2021\/05\/Pommade-carica-768x767.png 768w, https:\/\/www.songtaab-yalgre.net\/wp-content\/uploads\/2021\/05\/Pommade-carica-830x829.png 830w, https:\/\/www.songtaab-yalgre.net\/wp-content\/uploads\/2021\/05\/Pommade-carica-230x230.png 230w, https:\/\/www.songtaab-yalgre.net\/wp-content\/uploads\/2021\/05\/Pommade-carica-350x350.png 350w, https:\/\/www.songtaab-yalgre.net\/wp-content\/uploads\/2021\/05\/Pommade-carica-480x479.png 480w\" sizes=\"(max-width: 929px) 100vw, 929px\" \/><figcaption class=\"wp-element-caption\">Pommade Carica<\/figcaption><\/figure>\n\n\n\n<figure class=\"wp-block-image size-large\"><img loading=\"lazy\" decoding=\"async\" width=\"245\" height=\"280\" data-id=\"62\" src=\"https:\/\/www.songtaab-yalgre.net\/wp-content\/uploads\/2020\/04\/IMG-20180824-WA0007.jpg\" alt=\"\" class=\"wp-image-62\" srcset=\"https:\/\/www.songtaab-yalgre.net\/wp-content\/uploads\/2020\/04\/IMG-20180824-WA0007.jpg 245w, https:\/\/www.songtaab-yalgre.net\/wp-content\/uploads\/2020\/04\/IMG-20180824-WA0007-230x263.jpg 230w\" sizes=\"(max-width: 245px) 100vw, 245px\" \/><figcaption class=\"wp-element-caption\">Pommade Karibio<\/figcaption><\/figure>\n\n\n\n<figure class=\"wp-block-image size-large\"><img loading=\"lazy\" decoding=\"async\" width=\"450\" height=\"1024\" data-id=\"478\" src=\"https:\/\/www.songtaab-yalgre.net\/wp-content\/uploads\/2026\/03\/1000035079-450x1024.jpg\" alt=\"\" class=\"wp-image-478\" srcset=\"https:\/\/www.songtaab-yalgre.net\/wp-content\/uploads\/2026\/03\/1000035079-450x1024.jpg 450w, https:\/\/www.songtaab-yalgre.net\/wp-content\/uploads\/2026\/03\/1000035079-132x300.jpg 132w, https:\/\/www.songtaab-yalgre.net\/wp-content\/uploads\/2026\/03\/1000035079-768x1750.jpg 768w, https:\/\/www.songtaab-yalgre.net\/wp-content\/uploads\/2026\/03\/1000035079-230x524.jpg 230w, https:\/\/www.songtaab-yalgre.net\/wp-content\/uploads\/2026\/03\/1000035079-350x797.jpg 350w, https:\/\/www.songtaab-yalgre.net\/wp-content\/uploads\/2026\/03\/1000035079-480x1093.jpg 480w, https:\/\/www.songtaab-yalgre.net\/wp-content\/uploads\/2026\/03\/1000035079.jpg 899w\" sizes=\"(max-width: 450px) 100vw, 450px\" \/><figcaption class=\"wp-element-caption\">Pomade Karilux<\/figcaption><\/figure>\n\n\n\n<figure class=\"wp-block-image size-full\"><img loading=\"lazy\" decoding=\"async\" width=\"720\" height=\"960\" data-id=\"406\" src=\"https:\/\/www.songtaab-yalgre.net\/wp-content\/uploads\/2026\/01\/1000104036-1.jpg\" alt=\"\" class=\"wp-image-406\" srcset=\"https:\/\/www.songtaab-yalgre.net\/wp-content\/uploads\/2026\/01\/1000104036-1.jpg 720w, https:\/\/www.songtaab-yalgre.net\/wp-content\/uploads\/2026\/01\/1000104036-1-225x300.jpg 225w, https:\/\/www.songtaab-yalgre.net\/wp-content\/uploads\/2026\/01\/1000104036-1-230x307.jpg 230w, https:\/\/www.songtaab-yalgre.net\/wp-content\/uploads\/2026\/01\/1000104036-1-350x467.jpg 350w, https:\/\/www.songtaab-yalgre.net\/wp-content\/uploads\/2026\/01\/1000104036-1-480x640.jpg 480w\" sizes=\"(max-width: 720px) 100vw, 720px\" \/><figcaption class=\"wp-element-caption\">Cr\u00e8me \u00e0 base de beurre de karit\u00e9 <\/figcaption><\/figure>\n<\/figure>\n\n\n\n<figure class=\"wp-block-gallery has-nested-images columns-default is-cropped wp-block-gallery-3 is-layout-flex wp-block-gallery-is-layout-flex\"><\/figure>\n\n\n\n<figure class=\"wp-block-gallery has-nested-images columns-default is-cropped wp-block-gallery-4 is-layout-flex wp-block-gallery-is-layout-flex\"><\/figure>\n\n\n\n<figure class=\"wp-block-gallery has-nested-images columns-default is-cropped wp-block-gallery-5 is-layout-flex wp-block-gallery-is-layout-flex\"><\/figure>\n\n\n\n<div class=\"wp-block-group is-nowrap is-layout-flex wp-container-core-group-is-layout-6c531013 wp-block-group-is-layout-flex\">\n<figure class=\"wp-block-gallery has-nested-images columns-default is-cropped wp-block-gallery-6 is-layout-flex wp-block-gallery-is-layout-flex\"><\/figure>\n<\/div>\n\n\n\n<div class=\"wp-block-group is-nowrap is-layout-flex wp-container-core-group-is-layout-6c531013 wp-block-group-is-layout-flex\">\n<div class=\"wp-block-group is-nowrap is-layout-flex wp-container-core-group-is-layout-6c531013 wp-block-group-is-layout-flex\">\n<div class=\"wp-block-group is-nowrap is-layout-flex wp-container-core-group-is-layout-6c531013 wp-block-group-is-layout-flex\">\n<div class=\"wp-block-group is-nowrap is-layout-flex wp-container-core-group-is-layout-6c531013 wp-block-group-is-layout-flex\"><\/div>\n<\/div>\n<\/div>\n<\/div>\n\n\n\n<div class=\"wp-block-group is-nowrap is-layout-flex wp-container-core-group-is-layout-6c531013 wp-block-group-is-layout-flex\">\n<div class=\"wp-block-group is-nowrap is-layout-flex wp-container-core-group-is-layout-6c531013 wp-block-group-is-layout-flex\"><\/div>\n\n\n\n<div class=\"wp-block-group is-nowrap is-layout-flex wp-container-core-group-is-layout-6c531013 wp-block-group-is-layout-flex\"><\/div>\n<\/div>\n\n\n\n<p><\/p>\n","protected":false},"excerpt":{"rendered":"<p>Produits du moringa Notre moringa est biologique, sans ajout chimique, produits et transformer par les femmes de l&rsquo;Association Songtaab Yalgr\u00e9. Pommades ASY [&hellip;]<\/p>\n","protected":false},"author":1,"featured_media":402,"parent":0,"menu_order":0,"comment_status":"closed","ping_status":"closed","template":"","meta":{"footnotes":""},"class_list":["post-74","page","type-page","status-publish","has-post-thumbnail","hentry"],"_links":{"self":[{"href":"https:\/\/www.songtaab-yalgre.net\/index.php?rest_route=\/wp\/v2\/pages\/74","targetHints":{"allow":["GET"]}}],"collection":[{"href":"https:\/\/www.songtaab-yalgre.net\/index.php?rest_route=\/wp\/v2\/pages"}],"about":[{"href":"https:\/\/www.songtaab-yalgre.net\/index.php?rest_route=\/wp\/v2\/types\/page"}],"author":[{"embeddable":true,"href":"https:\/\/www.songtaab-yalgre.net\/index.php?rest_route=\/wp\/v2\/users\/1"}],"replies":[{"embeddable":true,"href":"https:\/\/www.songtaab-yalgre.net\/index.php?rest_route=%2Fwp%2Fv2%2Fcomments&post=74"}],"version-history":[{"count":39,"href":"https:\/\/www.songtaab-yalgre.net\/index.php?rest_route=\/wp\/v2\/pages\/74\/revisions"}],"predecessor-version":[{"id":559,"href":"https:\/\/www.songtaab-yalgre.net\/index.php?rest_route=\/wp\/v2\/pages\/74\/revisions\/559"}],"wp:featuredmedia":[{"embeddable":true,"href":"https:\/\/www.songtaab-yalgre.net\/index.php?rest_route=\/wp\/v2\/media\/402"}],"wp:attachment":[{"href":"https:\/\/www.songtaab-yalgre.net\/index.php?rest_route=%2Fwp%2Fv2%2Fmedia&parent=74"}],"curies":[{"name":"wp","href":"https:\/\/api.w.org\/{rel}","templated":true}]}}