{"id":7,"date":"2020-04-05T08:12:31","date_gmt":"2020-04-05T06:12:31","guid":{"rendered":"http:\/\/localhost:8080\/?page_id=7"},"modified":"2021-05-22T12:47:17","modified_gmt":"2021-05-22T10:47:17","slug":"a-propos-de","status":"publish","type":"page","link":"https:\/\/www.songtaab-yalgre.net\/?page_id=7","title":{"rendered":"\u00c0 propos de ASY"},"content":{"rendered":"\n<p> L\u2019Association Song Taab Yalgre (ASY) a \u00e9t\u00e9 cr\u00e9\u00e9e le 23 octobre 1998 sous les dispositions de la loi N\u00b010\/92\/ADP. Elle dispose d\u2019un r\u00e9c\u00e9piss\u00e9 \u00e0 jour \u00ab&nbsp;N\u00b0N00000471101 de la loi n\u00b0064-2015\/CNT du 20 octobre 2015&nbsp;\u00bb Elle est un r\u00e9seau d\u2019organisations f\u00e9minines professionnalis\u00e9es dans la production et la transformation de produits forestiers non ligneux et agricoles. Elle est certifi\u00e9e biologique et \u00e9quitable par ECOCERT SA\/BURKINA.<\/p>\n\n\n\n<p> Elle a pour objectif principal d\u2019am\u00e9liorer les conditions de vie des femmes, des jeunes et des couches vuln\u00e9rables et promouvoir l\u2019\u00e9galit\u00e9 des droits au Burkina. De fa\u00e7on sp\u00e9cifique, ASY cherche \u00e0 :<\/p>\n\n\n\n<ul class=\"wp-block-list\"><li> Am\u00e9lioration de la s\u00e9curit\u00e9 alimentaire et nutritionnelle <\/li><li> Am\u00e9lioration de la sant\u00e9 infantile et des m\u00e8res;<\/li><li> Contribuer \u00e0 \u00e9lever le niveau d\u2019instruction et de connaissance des femmes, des jeunes et des enfants par la formation et l\u2019\u00e9ducation ; <\/li><li> Faciliter l\u2019acc\u00e8s aux technologies de l\u2019information et de la communication;<\/li><li> Valoriser les produits locaux par la production, la transformation et la commercialisation;<\/li><li> Encourager et d\u00e9velopper l\u2019esprit d\u2019entreprise des femmes et des jeunes;<\/li><li>  Encourager et d\u00e9velopper l\u2019esprit d\u2019entreprise des femmes et des jeunes. <\/li><\/ul>\n\n\n\n<p> Elle vise d\u2019atteindre d\u2019ici 2030 plus de 10 000 femmes et jeunes en milieu rural et urbain et de faire d\u2019eux de v\u00e9ritables actrices de d\u00e9veloppement et entrepreneurs.<\/p>\n\n\n\n<p> Pour atteindre ces objectifs, ASY s\u2019investit dans 4 types d\u2019activit\u00e9s qui sont&nbsp;:<\/p>\n\n\n\n<ul class=\"wp-block-list\"><li> L\u2019\u00e9laboration et l\u2019ex\u00e9cution des programmes d\u2019activit\u00e9s de formation, de perfectionnement;<\/li><li> La protection et la conservation des terres et des PFNL;<\/li><li> La transformation et commercialisation de produits agro sylvo- pastoraux;<\/li><li> La conduite d\u2019activit\u00e9s socioculturelles, de protection sociale et de renforcement de capacit\u00e9s.<\/li><\/ul>\n\n\n\n<p> Elle est active dans les domaines d\u2019activit\u00e9s suivantes&nbsp;:  <\/p>\n\n\n\n<ul class=\"wp-block-list\"><li> Production d\u2019amande et beurre de karit\u00e9 biologique&nbsp;; <\/li><li> Production d\u2019huile de s\u00e9same biologique, de balanites, baobab, neem&nbsp;\u2026&nbsp;; <\/li><li> Fabrication de savon et de cr\u00e8me \u00e0 base de beurre de karit\u00e9&nbsp;; <\/li><li> Production de soumbala<strong>, <\/strong>patte d\u2019arachide, hibiscus\u2026 <\/li><li> Gestion des fonds de d\u00e9veloppement issus du commerce \u00e9quitable&nbsp;: gestion de la mutuelle sant\u00e9, et autres&nbsp;; <\/li><li> Renforcement des capacit\u00e9s des femmes sur la transformation des PFNL&nbsp;; <\/li><li> Gestion de microprojets (\u00e9conomiques, sociaux, environnementaux, \u00e9nerg\u00e9tiques&nbsp;\u2026). <\/li><li> Gestion de mutuels sant\u00e9 <\/li><li> Parrainage des enfants <\/li><li> Alphab\u00e9tisation<\/li><\/ul>\n\n\n\n<h3 class=\"has-text-align-center wp-block-heading\">\u00ab\u00a0ASY une histoire depuis 1998\u00a0\u00bb<\/h3>\n\n\n\n<p>l\u2019Association Songtaab-Yalgr\u00e9 (ASY) a \u00e9t\u00e9 mise en place le 23 Octobre 1998 afin d\u2019aider les femmes \u00e0 am\u00e9liorer leurs revenus et \u00e0 venir \u00e0 bout de leurs difficult\u00e9s. Elle a une envergure nationale et dispose si\u00e8ge social \u00e0 Ouagadougou au Burkina Faso.<\/p>\n\n\n\n<p>Douze (12) ann\u00e9es apr\u00e8s sa cr\u00e9ation, en 2010 ASY comptait 7 groupements avec un total de 1126 femmes r\u00e9parties dans 6 provinces du Burkina sp\u00e9cialis\u00e9s dans la collecte, transformation et production de produits agroalimentaires et cosm\u00e9tique \u00e0 basse de produits locaux (s\u00e9same, miel, karit\u00e9). Cette association au c\u0153ur du d\u00e9veloppement socio\u00e9conomique des femmes a mis sur pied des produits issus de la transformation du beurre de karit\u00e9 et du s\u00e9same conventionnel et biologique.<br> En 2018, soit 20 ans apr\u00e8s sa cr\u00e9ation, le nombre de femmes a pratiquement tripl\u00e9 (environ 2995 femmes) et elle a aujourd\u2019hui une gamme de produits \u00e9largie et diversifi\u00e9e : Confiture de karit\u00e9, beurre de karit\u00e9, huile de s\u00e9same, huile de baobab, huile de neem, Soumbala, fruits s\u00e9ch\u00e9s\u2026<\/p>\n\n\n\n<div class=\"wp-block-file\"><a href=\"http:\/\/localhost:8080\/wp-content\/uploads\/2021\/05\/Recipisse-de-declaration-dexistence_ASY.pdf\">R\u00e9c\u00e9piss\u00e9 de d\u00e9claration d&rsquo;existence de l&rsquo;association<\/a><a href=\"http:\/\/localhost:8080\/wp-content\/uploads\/2021\/05\/Recipisse-de-declaration-dexistence_ASY.pdf\" class=\"wp-block-file__button\" download>T\u00e9l\u00e9charger<\/a><\/div>\n","protected":false},"excerpt":{"rendered":"<p>L\u2019Association Song Taab Yalgre (ASY) a \u00e9t\u00e9 cr\u00e9\u00e9e le 23 octobre 1998 sous les dispositions de la loi N\u00b010\/92\/ADP. Elle dispose d\u2019un [&hellip;]<\/p>\n","protected":false},"author":1,"featured_media":0,"parent":0,"menu_order":0,"comment_status":"closed","ping_status":"closed","template":"","meta":{"footnotes":""},"class_list":["post-7","page","type-page","status-publish","hentry"],"_links":{"self":[{"href":"https:\/\/www.songtaab-yalgre.net\/index.php?rest_route=\/wp\/v2\/pages\/7","targetHints":{"allow":["GET"]}}],"collection":[{"href":"https:\/\/www.songtaab-yalgre.net\/index.php?rest_route=\/wp\/v2\/pages"}],"about":[{"href":"https:\/\/www.songtaab-yalgre.net\/index.php?rest_route=\/wp\/v2\/types\/page"}],"author":[{"embeddable":true,"href":"https:\/\/www.songtaab-yalgre.net\/index.php?rest_route=\/wp\/v2\/users\/1"}],"replies":[{"embeddable":true,"href":"https:\/\/www.songtaab-yalgre.net\/index.php?rest_route=%2Fwp%2Fv2%2Fcomments&post=7"}],"version-history":[{"count":9,"href":"https:\/\/www.songtaab-yalgre.net\/index.php?rest_route=\/wp\/v2\/pages\/7\/revisions"}],"predecessor-version":[{"id":378,"href":"https:\/\/www.songtaab-yalgre.net\/index.php?rest_route=\/wp\/v2\/pages\/7\/revisions\/378"}],"wp:attachment":[{"href":"https:\/\/www.songtaab-yalgre.net\/index.php?rest_route=%2Fwp%2Fv2%2Fmedia&parent=7"}],"curies":[{"name":"wp","href":"https:\/\/api.w.org\/{rel}","templated":true}]}}