{"id":38,"date":"2020-04-05T12:38:21","date_gmt":"2020-04-05T10:38:21","guid":{"rendered":"http:\/\/localhost:8080\/?page_id=38"},"modified":"2020-06-09T10:21:21","modified_gmt":"2020-06-09T08:21:21","slug":"nos-services","status":"publish","type":"page","link":"https:\/\/www.songtaab-yalgre.net\/?page_id=38","title":{"rendered":"Nos services"},"content":{"rendered":"\n<ul class=\"wp-block-list\"><li>\n\tLocation\n\tde plateformes de Transformations\n\tet commercialisation de produits locaux\n\t<\/li><li>\n\tRenforcement\n\tdes capacit\u00e9s\n\t<\/li><li>\n\tEx\u00e9cution\n\tdes projets\n\t<\/li><li>\n\t Ex\u00e9cution\n\td\u2019Activit\u00e9s\n\tsocio-culturelles\n\t<\/li><li>\n\tMise\n\ten r\u00e9seau\n\t<\/li><li>\n\tRepr\u00e9sentation\n\tcommerciale\n<\/li><\/ul>\n","protected":false},"excerpt":{"rendered":"<p>Location de plateformes de Transformations et commercialisation de produits locaux Renforcement des capacit\u00e9s Ex\u00e9cution des projets Ex\u00e9cution d\u2019Activit\u00e9s socio-culturelles Mise en r\u00e9seau [&hellip;]<\/p>\n","protected":false},"author":1,"featured_media":0,"parent":0,"menu_order":0,"comment_status":"closed","ping_status":"closed","template":"","meta":{"footnotes":""},"class_list":["post-38","page","type-page","status-publish","hentry"],"_links":{"self":[{"href":"https:\/\/www.songtaab-yalgre.net\/index.php?rest_route=\/wp\/v2\/pages\/38","targetHints":{"allow":["GET"]}}],"collection":[{"href":"https:\/\/www.songtaab-yalgre.net\/index.php?rest_route=\/wp\/v2\/pages"}],"about":[{"href":"https:\/\/www.songtaab-yalgre.net\/index.php?rest_route=\/wp\/v2\/types\/page"}],"author":[{"embeddable":true,"href":"https:\/\/www.songtaab-yalgre.net\/index.php?rest_route=\/wp\/v2\/users\/1"}],"replies":[{"embeddable":true,"href":"https:\/\/www.songtaab-yalgre.net\/index.php?rest_route=%2Fwp%2Fv2%2Fcomments&post=38"}],"version-history":[{"count":2,"href":"https:\/\/www.songtaab-yalgre.net\/index.php?rest_route=\/wp\/v2\/pages\/38\/revisions"}],"predecessor-version":[{"id":125,"href":"https:\/\/www.songtaab-yalgre.net\/index.php?rest_route=\/wp\/v2\/pages\/38\/revisions\/125"}],"wp:attachment":[{"href":"https:\/\/www.songtaab-yalgre.net\/index.php?rest_route=%2Fwp%2Fv2%2Fmedia&parent=38"}],"curies":[{"name":"wp","href":"https:\/\/api.w.org\/{rel}","templated":true}]}}