{"id":37,"date":"2020-04-05T12:38:21","date_gmt":"2020-04-05T10:38:21","guid":{"rendered":"http:\/\/localhost:8080\/?page_id=37"},"modified":"2021-05-20T21:14:29","modified_gmt":"2021-05-20T19:14:29","slug":"conditions-dadhesion","status":"publish","type":"page","link":"https:\/\/www.songtaab-yalgre.net\/?page_id=37","title":{"rendered":"Conditions dadh\u00e9sion"},"content":{"rendered":"\n<p>\nL\u2019ASY\nest ouverte \u00e0\ntoute personne morale et physique sans distinction de race ni de\nreligion. L\u2019adh\u00e9sion \u00e0 l\u2019association se fait par demande \u00e9crite\npr\u00e9cisant les motifs d\u2019adh\u00e9sion au pr\u00e9sident qui la soumet \u00e0\nl\u2019assembl\u00e9e g\u00e9n\u00e9rale pour approbation.<\/p>\n\n\n\n<p>L\u2019adh\u00e9sion se mat\u00e9rialise par l\u2019enregistrement dans un registre et le paiement des frais d\u2019adh\u00e9sion dont le montant est fix\u00e9 par le r\u00e8glement int\u00e9rieur. Elle n\u2019est qu\u2019effective qu\u2019apr\u00e8s le paiement de ce droit d\u2019adh\u00e9sion et de cotisation annuelle qui donne droit \u00e0 la d\u00e9livrance d\u2019une carte de membre<\/p>\n\n\n<div class=\"wpforms-container wpforms-container-full wpforms-block\" id=\"wpforms-280\"><form id=\"wpforms-form-280\" class=\"wpforms-validate wpforms-form\" data-formid=\"280\" method=\"post\" enctype=\"multipart\/form-data\" action=\"\/index.php?rest_route=%2Fwp%2Fv2%2Fpages%2F37\" data-token=\"c42a7f59785e6518cd536e8f81278419\" data-token-time=\"1776371314\"><noscript class=\"wpforms-error-noscript\">Veuillez activer JavaScript dans votre navigateur pour remplir ce formulaire.<\/noscript><div class=\"wpforms-field-container\"><div id=\"wpforms-280-field_1-container\" class=\"wpforms-field wpforms-field-text\" data-field-id=\"1\"><label class=\"wpforms-field-label\" for=\"wpforms-280-field_1\">Nom de l&#039;organisation <span class=\"wpforms-required-label\">*<\/span><\/label><input type=\"text\" id=\"wpforms-280-field_1\" class=\"wpforms-field-medium wpforms-field-required\" name=\"wpforms[fields][1]\" required><\/div><div id=\"wpforms-280-field_4-container\" class=\"wpforms-field wpforms-field-email\" data-field-id=\"4\"><label class=\"wpforms-field-label\" for=\"wpforms-280-field_4\">E-mail de l&#039;organisation <span class=\"wpforms-required-label\">*<\/span><\/label><input type=\"email\" id=\"wpforms-280-field_4\" class=\"wpforms-field-medium wpforms-field-required\" name=\"wpforms[fields][4]\" spellcheck=\"false\" required><\/div><div id=\"wpforms-280-field_6-container\" class=\"wpforms-field wpforms-field-text\" data-field-id=\"6\"><label class=\"wpforms-field-label\" for=\"wpforms-280-field_6\">Localisation g\u00e9ographique<\/label><input type=\"text\" id=\"wpforms-280-field_6\" class=\"wpforms-field-medium\" name=\"wpforms[fields][6]\" ><\/div><div id=\"wpforms-280-field_5-container\" class=\"wpforms-field wpforms-field-name\" data-field-id=\"5\"><label class=\"wpforms-field-label\">Nom du premier respondable <span class=\"wpforms-required-label\">*<\/span><\/label><div class=\"wpforms-field-row wpforms-field-medium\"><div class=\"wpforms-field-row-block wpforms-first wpforms-one-half\"><input type=\"text\" id=\"wpforms-280-field_5\" class=\"wpforms-field-name-first wpforms-field-required\" name=\"wpforms[fields][5][first]\" required><label for=\"wpforms-280-field_5\" class=\"wpforms-field-sublabel after\">Pr\u00e9nom<\/label><\/div><div class=\"wpforms-field-row-block wpforms-one-half\"><input type=\"text\" id=\"wpforms-280-field_5-last\" class=\"wpforms-field-name-last wpforms-field-required\" name=\"wpforms[fields][5][last]\" required><label for=\"wpforms-280-field_5-last\" class=\"wpforms-field-sublabel after\">Nom<\/label><\/div><\/div><\/div><div id=\"wpforms-280-field_8-container\" class=\"wpforms-field wpforms-field-checkbox wpforms-list-inline\" data-field-id=\"8\"><label class=\"wpforms-field-label\">Domaines d&#039;activit\u00e9 <span class=\"wpforms-required-label\">*<\/span><\/label><ul id=\"wpforms-280-field_8\" class=\"wpforms-field-required\" data-choice-limit=\"3\"><li class=\"choice-1 depth-1\"><input type=\"checkbox\" id=\"wpforms-280-field_8_1\" data-rule-check-limit=\"true\" name=\"wpforms[fields][8][]\" value=\"Environnement\" required ><label class=\"wpforms-field-label-inline\" for=\"wpforms-280-field_8_1\">Environnement<\/label><\/li><li class=\"choice-2 depth-1\"><input type=\"checkbox\" id=\"wpforms-280-field_8_2\" data-rule-check-limit=\"true\" name=\"wpforms[fields][8][]\" value=\"Elevage\" required ><label class=\"wpforms-field-label-inline\" for=\"wpforms-280-field_8_2\">Elevage<\/label><\/li><li class=\"choice-3 depth-1\"><input type=\"checkbox\" id=\"wpforms-280-field_8_3\" data-rule-check-limit=\"true\" name=\"wpforms[fields][8][]\" value=\"Sant\u00e9\" required ><label class=\"wpforms-field-label-inline\" for=\"wpforms-280-field_8_3\">Sant\u00e9<\/label><\/li><li class=\"choice-4 depth-1\"><input type=\"checkbox\" id=\"wpforms-280-field_8_4\" data-rule-check-limit=\"true\" name=\"wpforms[fields][8][]\" value=\"Education\" required ><label class=\"wpforms-field-label-inline\" for=\"wpforms-280-field_8_4\">Education<\/label><\/li><li class=\"choice-5 depth-1\"><input type=\"checkbox\" id=\"wpforms-280-field_8_5\" data-rule-check-limit=\"true\" name=\"wpforms[fields][8][]\" value=\"Agriculture\" required ><label class=\"wpforms-field-label-inline\" for=\"wpforms-280-field_8_5\">Agriculture<\/label><\/li><li class=\"choice-6 depth-1\"><input type=\"checkbox\" id=\"wpforms-280-field_8_6\" data-rule-check-limit=\"true\" name=\"wpforms[fields][8][]\" value=\"Prestataire de service diverse\" required ><label class=\"wpforms-field-label-inline\" for=\"wpforms-280-field_8_6\">Prestataire de service diverse<\/label><\/li><\/ul><\/div><div id=\"wpforms-280-field_7-container\" class=\"wpforms-field wpforms-field-textarea\" data-field-id=\"7\"><label class=\"wpforms-field-label\" for=\"wpforms-280-field_7\">Objectifs poursuivis <span class=\"wpforms-required-label\">*<\/span><\/label><textarea id=\"wpforms-280-field_7\" class=\"wpforms-field-medium wpforms-field-required\" name=\"wpforms[fields][7]\" required><\/textarea><\/div><\/div><!-- .wpforms-field-container --><div class=\"wpforms-submit-container\" ><input type=\"hidden\" name=\"wpforms[id]\" value=\"280\"><input type=\"hidden\" name=\"page_title\" value=\"\"><input type=\"hidden\" name=\"page_url\" value=\"https:\/\/www.songtaab-yalgre.net\/index.php?rest_route=\/wp\/v2\/pages\/37\"><input type=\"hidden\" name=\"url_referer\" value=\"\"><button type=\"submit\" name=\"wpforms[submit]\" id=\"wpforms-submit-280\" class=\"wpforms-submit\" data-alt-text=\"Envoi...\" data-submit-text=\"Envoyer\" aria-live=\"assertive\" value=\"wpforms-submit\">Envoyer<\/button><\/div><\/form><\/div>  <!-- .wpforms-container -->","protected":false},"excerpt":{"rendered":"<p>L\u2019ASY est ouverte \u00e0 toute personne morale et physique sans distinction de race ni de religion. L\u2019adh\u00e9sion \u00e0 l\u2019association se fait par [&hellip;]<\/p>\n","protected":false},"author":1,"featured_media":0,"parent":0,"menu_order":0,"comment_status":"closed","ping_status":"closed","template":"page-templates\/page_fullwidth.php","meta":{"footnotes":""},"class_list":["post-37","page","type-page","status-publish","hentry"],"_links":{"self":[{"href":"https:\/\/www.songtaab-yalgre.net\/index.php?rest_route=\/wp\/v2\/pages\/37","targetHints":{"allow":["GET"]}}],"collection":[{"href":"https:\/\/www.songtaab-yalgre.net\/index.php?rest_route=\/wp\/v2\/pages"}],"about":[{"href":"https:\/\/www.songtaab-yalgre.net\/index.php?rest_route=\/wp\/v2\/types\/page"}],"author":[{"embeddable":true,"href":"https:\/\/www.songtaab-yalgre.net\/index.php?rest_route=\/wp\/v2\/users\/1"}],"replies":[{"embeddable":true,"href":"https:\/\/www.songtaab-yalgre.net\/index.php?rest_route=%2Fwp%2Fv2%2Fcomments&post=37"}],"version-history":[{"count":3,"href":"https:\/\/www.songtaab-yalgre.net\/index.php?rest_route=\/wp\/v2\/pages\/37\/revisions"}],"predecessor-version":[{"id":282,"href":"https:\/\/www.songtaab-yalgre.net\/index.php?rest_route=\/wp\/v2\/pages\/37\/revisions\/282"}],"wp:attachment":[{"href":"https:\/\/www.songtaab-yalgre.net\/index.php?rest_route=%2Fwp%2Fv2%2Fmedia&parent=37"}],"curies":[{"name":"wp","href":"https:\/\/api.w.org\/{rel}","templated":true}]}}