{"id":35,"date":"2020-04-05T12:38:21","date_gmt":"2020-04-05T10:38:21","guid":{"rendered":"http:\/\/localhost:8080\/?page_id=35"},"modified":"2021-05-16T14:16:19","modified_gmt":"2021-05-16T12:16:19","slug":"localisation","status":"publish","type":"page","link":"https:\/\/www.songtaab-yalgre.net\/?page_id=35","title":{"rendered":"Localisation"},"content":{"rendered":"\n<p> Le si\u00e8ge g\u00e9n\u00e9ral de l\u2019association est situ\u00e9 \u00e0 Gounghin, commune de Ouagadougou dans la capitale province de kadiogo sur l\u2019avenue conseil de l\u2019attente Rue 09 32. <\/p>\n\n\n\n<iframe src=\"https:\/\/www.google.com\/maps\/embed?pb=!1m18!1m12!1m3!1d974.3370767820264!2d-1.5516000738039137!3d12.359585391259452!2m3!1f0!2f0!3f0!3m2!1i1024!2i768!4f13.1!3m3!1m2!1s0xe2e9542ad8603d1%3A0xd655fac6701d50a9!2sASSOCIATION%20SONGTAAB%20YALGRE%20(ASY)!5e0!3m2!1sfr!2sbf!4v1621166164472!5m2!1sfr!2sbf\" width=\"600\" height=\"450\" style=\"border:0;\" allowfullscreen=\"\" loading=\"lazy\"><\/iframe>\n\n\n\n<p>L\u2019association a une repr\u00e9sentation \u00e0 Bobo-Dioulasso province du Houet au secteur 5 Zone r\u00e9sidentiel B sur l\u2019avenue Fran\u00e7ois Vilain<\/p>\n\n\n\n<iframe src=\"https:\/\/www.google.com\/maps\/embed?pb=!1m18!1m12!1m3!1d3914.3016636853213!2d-4.288468085769471!3d11.165285692058355!2m3!1f0!2f0!3f0!3m2!1i1024!2i768!4f13.1!3m3!1m2!1s0xe34fb101feecff5%3A0xcb057b8511c2788d!2sAvenue%20Francois%20Vilain%2C%20Zone%20Residentielle%20B%2C%20Bobo-Dioulasso!5e0!3m2!1sfr!2sbf!4v1621166894110!5m2!1sfr!2sbf\" width=\"600\" height=\"450\" style=\"border:0;\" allowfullscreen=\"\" loading=\"lazy\"><\/iframe>\n","protected":false},"excerpt":{"rendered":"<p>Le si\u00e8ge g\u00e9n\u00e9ral de l\u2019association est situ\u00e9 \u00e0 Gounghin, commune de Ouagadougou dans la capitale province de kadiogo sur l\u2019avenue conseil de [&hellip;]<\/p>\n","protected":false},"author":1,"featured_media":0,"parent":0,"menu_order":0,"comment_status":"closed","ping_status":"closed","template":"","meta":{"footnotes":""},"class_list":["post-35","page","type-page","status-publish","hentry"],"_links":{"self":[{"href":"https:\/\/www.songtaab-yalgre.net\/index.php?rest_route=\/wp\/v2\/pages\/35","targetHints":{"allow":["GET"]}}],"collection":[{"href":"https:\/\/www.songtaab-yalgre.net\/index.php?rest_route=\/wp\/v2\/pages"}],"about":[{"href":"https:\/\/www.songtaab-yalgre.net\/index.php?rest_route=\/wp\/v2\/types\/page"}],"author":[{"embeddable":true,"href":"https:\/\/www.songtaab-yalgre.net\/index.php?rest_route=\/wp\/v2\/users\/1"}],"replies":[{"embeddable":true,"href":"https:\/\/www.songtaab-yalgre.net\/index.php?rest_route=%2Fwp%2Fv2%2Fcomments&post=35"}],"version-history":[{"count":4,"href":"https:\/\/www.songtaab-yalgre.net\/index.php?rest_route=\/wp\/v2\/pages\/35\/revisions"}],"predecessor-version":[{"id":200,"href":"https:\/\/www.songtaab-yalgre.net\/index.php?rest_route=\/wp\/v2\/pages\/35\/revisions\/200"}],"wp:attachment":[{"href":"https:\/\/www.songtaab-yalgre.net\/index.php?rest_route=%2Fwp%2Fv2%2Fmedia&parent=35"}],"curies":[{"name":"wp","href":"https:\/\/api.w.org\/{rel}","templated":true}]}}