{"id":34,"date":"2020-04-05T12:38:20","date_gmt":"2020-04-05T10:38:20","guid":{"rendered":"http:\/\/localhost:8080\/?page_id=34"},"modified":"2020-06-09T10:18:29","modified_gmt":"2020-06-09T08:18:29","slug":"les-organes","status":"publish","type":"page","link":"https:\/\/www.songtaab-yalgre.net\/?page_id=34","title":{"rendered":"Les organes"},"content":{"rendered":"\n<p> L\u2019association se compose :<\/p>\n\n\n\n<ul class=\"wp-block-list\"><li> L\u2019assembl\u00e9e g\u00e9n\u00e9rale <\/li><li> Un conseil d\u2019administration <\/li><li> Bureau ex\u00e9cutif pilote les actions  <\/li><li> Un organe de contr\u00f4le charg\u00e9 de la v\u00e9rification p\u00e9riodiques des actions men\u00e9es par le bureau ex\u00e9cutif <\/li><\/ul>\n","protected":false},"excerpt":{"rendered":"<p>L\u2019association se compose : L\u2019assembl\u00e9e g\u00e9n\u00e9rale Un conseil d\u2019administration Bureau ex\u00e9cutif pilote les actions Un organe de contr\u00f4le charg\u00e9 de la v\u00e9rification [&hellip;]<\/p>\n","protected":false},"author":1,"featured_media":0,"parent":0,"menu_order":0,"comment_status":"closed","ping_status":"closed","template":"","meta":{"footnotes":""},"class_list":["post-34","page","type-page","status-publish","hentry"],"_links":{"self":[{"href":"https:\/\/www.songtaab-yalgre.net\/index.php?rest_route=\/wp\/v2\/pages\/34","targetHints":{"allow":["GET"]}}],"collection":[{"href":"https:\/\/www.songtaab-yalgre.net\/index.php?rest_route=\/wp\/v2\/pages"}],"about":[{"href":"https:\/\/www.songtaab-yalgre.net\/index.php?rest_route=\/wp\/v2\/types\/page"}],"author":[{"embeddable":true,"href":"https:\/\/www.songtaab-yalgre.net\/index.php?rest_route=\/wp\/v2\/users\/1"}],"replies":[{"embeddable":true,"href":"https:\/\/www.songtaab-yalgre.net\/index.php?rest_route=%2Fwp%2Fv2%2Fcomments&post=34"}],"version-history":[{"count":2,"href":"https:\/\/www.songtaab-yalgre.net\/index.php?rest_route=\/wp\/v2\/pages\/34\/revisions"}],"predecessor-version":[{"id":122,"href":"https:\/\/www.songtaab-yalgre.net\/index.php?rest_route=\/wp\/v2\/pages\/34\/revisions\/122"}],"wp:attachment":[{"href":"https:\/\/www.songtaab-yalgre.net\/index.php?rest_route=%2Fwp%2Fv2%2Fmedia&parent=34"}],"curies":[{"name":"wp","href":"https:\/\/api.w.org\/{rel}","templated":true}]}}