{"id":33,"date":"2020-04-05T12:38:20","date_gmt":"2020-04-05T10:38:20","guid":{"rendered":"http:\/\/localhost:8080\/?page_id=33"},"modified":"2021-05-20T19:58:31","modified_gmt":"2021-05-20T17:58:31","slug":"association","status":"publish","type":"page","link":"https:\/\/www.songtaab-yalgre.net\/?page_id=33","title":{"rendered":"ASY"},"content":{"rendered":"\n<p> L\u2019Association SongtaabYalgr\u00e9 (ASY) est n\u00e9e gr\u00e2ce \u00e0 la volont\u00e9 d\u2019une brave femme du nom de Feu OUEDRAOGO n\u00e9e DJIGMA Marceline, ex agent de l\u2019ONATEL de r\u00e9unir les femmes du secteur n\u00b09 pour d\u00e9velopper des microprojets en vue d\u2019am\u00e9liorer les conditions de vie des femmes en milieu rural et urbain.  <\/p>\n\n\n\n<p>\nEn\neffet, elle a constat\u00e9 que les femmes des villages de sa famille et\nbelle-famille  vivent gr\u00e2ce aux revenus tir\u00e9s de la production et\ntransformation de produits forestiers non ligneux et qu\u2019elles font\nface \u00e0 des difficult\u00e9s li\u00e9es \u00e0 la m\u00e9connaissances des bonnes\npratiques de production, transformation et  aux difficult\u00e9s d\u2019acc\u00e8s\naux march\u00e9s \u00e0 cause de leurs faible niveau d\u2019instruction et\nd\u2019acc\u00e8s \u00e0 l\u2019information. \n<\/p>\n\n\n\n<p>\nAfin\nd\u2019aider les femmes \u00e0 am\u00e9liorer leurs revenus et \u00e0 venir \u00e0 bout\nde leurs difficult\u00e9s, l\u2019Association SongtaabYalgr\u00e9 (ASY) a \u00e9t\u00e9\nmise en place le 23 Octobre 1998. Elle a une envergure nationale et\ndispose si\u00e8ge social \u00e0 Ouagadougou. \n<\/p>\n\n\n\n<p>\nDouze\n(12) ann\u00e9es apr\u00e8s sa cr\u00e9ation, en 2010 ASY comptait 7 groupements\navec un total de  <strong>1126<\/strong>\nfemmes r\u00e9parties dans 6 provinces du Burkina sp\u00e9cialis\u00e9s dans la\ncollecte, transformation et production de produits agroalimentaires\net cosm\u00e9tique \u00e0 basse de produits locaux (s\u00e9same, miel, karit\u00e9).\nCette association au c\u0153ur du d\u00e9veloppement socio\u00e9conomique des\nfemmes a mis sur pied des produits issus de la transformation du\nbeurre de karit\u00e9 et du s\u00e9same conventionnel et biologique. ASY a\nainsi atteint les r\u00e9sultats suivants&nbsp;:<\/p>\n\n\n\n<ul class=\"wp-block-list\"><li>\n\tUne\n\tcapacit\u00e9 de transformation de 150 tonnes de noix de karit\u00e9 et de\n\t10 tonnes de s\u00e9same\n\t<\/li><li>\n\t+\n\tde 980 femmes  vivent directement des revenus de la production et de\n\ttransformation du beurre de karit\u00e9 et du s\u00e9same \n\t\n\t<\/li><li>\n\t+\n\tde 5 000&nbsp;000 F CFA sont investis chaque ann\u00e9e pour la\n\tcertification, le renouvellement du mat\u00e9riel de transformation et\n\tles am\u00e9nagements \n\t\n<\/li><\/ul>\n\n\n\n<p>\nEn\n2018, soit 20 ans apr\u00e8s sa cr\u00e9ation, le nombre de femmes a\npratiquement tripl\u00e9 (environ 2995 femmes) et elle a aujourd\u2019hui\nune gamme de produits \u00e9largie et diversifi\u00e9e&nbsp;: Confiture de\nkarit\u00e9, beurre de karit\u00e9, huile de s\u00e9same, huile de baobab, huile\nde neem, Soumbala, fruits s\u00e9ch\u00e9s\u2026 \n<\/p>\n\n\n\n<p>\nL\u2019association\n sous la houlette de la nouvelle pr\u00e9sidente \u00e9lue suite au d\u00e9c\u00e8s\nde la fondatrice a pris un nouvel \u00e9lan et est r\u00e9solument tourn\u00e9e\nvers les femmes mais aussi les jeunes. Ainsi une nouvelle \u00e9quipe\ndirigeante rajeunie a pris la rel\u00e8ve pour dynamiser l\u2019association.\n\n<\/p>\n\n\n\n<p>\n<strong>La\nvision de l\u2019Association d\u2019ici 2030<\/strong>\nest d\u2019arriver \u00e0 permettre \u00e0 plus de 10 000 femmes et jeunes en\nmilieu rural et urbain d\u2019\u00eatre de v\u00e9ritables entrepreneurs qui\n\u0153uvre de fa\u00e7on de fa\u00e7on collective et individuelle<\/p>\n","protected":false},"excerpt":{"rendered":"<p>L\u2019Association SongtaabYalgr\u00e9 (ASY) est n\u00e9e gr\u00e2ce \u00e0 la volont\u00e9 d\u2019une brave femme du nom de Feu OUEDRAOGO n\u00e9e DJIGMA Marceline, ex agent [&hellip;]<\/p>\n","protected":false},"author":1,"featured_media":0,"parent":0,"menu_order":0,"comment_status":"closed","ping_status":"closed","template":"","meta":{"footnotes":""},"class_list":["post-33","page","type-page","status-publish","hentry"],"_links":{"self":[{"href":"https:\/\/www.songtaab-yalgre.net\/index.php?rest_route=\/wp\/v2\/pages\/33","targetHints":{"allow":["GET"]}}],"collection":[{"href":"https:\/\/www.songtaab-yalgre.net\/index.php?rest_route=\/wp\/v2\/pages"}],"about":[{"href":"https:\/\/www.songtaab-yalgre.net\/index.php?rest_route=\/wp\/v2\/types\/page"}],"author":[{"embeddable":true,"href":"https:\/\/www.songtaab-yalgre.net\/index.php?rest_route=\/wp\/v2\/users\/1"}],"replies":[{"embeddable":true,"href":"https:\/\/www.songtaab-yalgre.net\/index.php?rest_route=%2Fwp%2Fv2%2Fcomments&post=33"}],"version-history":[{"count":4,"href":"https:\/\/www.songtaab-yalgre.net\/index.php?rest_route=\/wp\/v2\/pages\/33\/revisions"}],"predecessor-version":[{"id":333,"href":"https:\/\/www.songtaab-yalgre.net\/index.php?rest_route=\/wp\/v2\/pages\/33\/revisions\/333"}],"wp:attachment":[{"href":"https:\/\/www.songtaab-yalgre.net\/index.php?rest_route=%2Fwp%2Fv2%2Fmedia&parent=33"}],"curies":[{"name":"wp","href":"https:\/\/api.w.org\/{rel}","templated":true}]}}